{"id":29872,"date":"2021-10-08T16:16:32","date_gmt":"2021-10-08T14:16:32","guid":{"rendered":"https:\/\/teknow.ehlers-kohfeld.de\/materials\/"},"modified":"2021-10-15T17:09:36","modified_gmt":"2021-10-15T15:09:36","slug":"materials","status":"publish","type":"page","link":"https:\/\/www.teknow.de\/en\/materials\/","title":{"rendered":"Materials"},"content":{"rendered":"\n<div class=\"wp-block-coblocks-hero alignfull coblocks-hero-3751754153 mb-0\"><div class=\"wp-block-coblocks-hero__inner has-neve-link-color-background-color has-background hero-center-left-align has-padding has-huge-padding has-neve-link-color-background-color has-left-content\" style=\"min-height:400px\"><div class=\"wp-block-coblocks-hero__content-wrapper\"><div class=\"wp-block-coblocks-hero__content\" style=\"max-width:560px\">\n<h2 class=\"has-text-align-left wp-block-heading\"><sup>Materials<\/sup><br>What materials do you want to make your workpieces from?<\/h2>\n\n\n\n<p><strong>tek<\/strong>now offers you a range of <strong>materials<\/strong>from which you can manufacture your workpiece.<\/p>\n\n\n\n<div class=\"wp-block-buttons is-layout-flex wp-block-buttons-is-layout-flex\">\n<div class=\"wp-block-button is-style-primary\"><a class=\"wp-block-button__link\" href=\"https:\/\/www.teknow.de\/en\/first-steps\/\"><strong>first Steps<\/strong><\/a><\/div>\n\n\n\n<div class=\"wp-block-button is-style-outline is-style-secondary is-style-outline--1\"><a class=\"wp-block-button__link\" href=\"https:\/\/www.teknow.de\/en\/manufacturing-process\/\"><strong>Manufacturing process<\/strong><\/a><\/div>\n<\/div>\n<\/div><\/div><\/div><\/div>\n\n\n\n<div style=\"height:45px\" aria-hidden=\"true\" class=\"wp-block-spacer\"><\/div>\n\n\n\n<h2 class=\"wp-block-heading\">Materials<\/h2>\n\n\n\n<p>The material groups (such as steel, aluminum) usually include several materials. You choose the <strong>right material<\/strong> in the material overview. To make the selection easier, we have defined a <strong>standard material<\/strong> for each material group. It fits if you have no special requirements. If you do, because you might want to process the workpiece in your workshop or there is a special application environment, such as contact with seawater or with food, you choose a suitable material.    <\/p>\n\n\n<div class=\"cl-layout-container align\" style=\"--cl-layout-padding:0px;--cl-layout-margin:15px;\"><div  class=\"cl-layout cl-layout--grid  cl-layout--equal-rows  cl-layout--col-l-3 cl-layout--col-m-3 cl-layout--col-s-2 cl-layout--col-xs-1\"  style=\"--cl-layout-gap-c: 30px;--cl-layout-gap-r: 30px;\n\t\t\" ><div  class=\"cl-layout__item cl-layout__item--id-27932\" ><div  class=\"cl-template cl-template--post cl-template--id-27543 cl-template--image-top\" ><div class=\"cl-element cl-element-featured_media cl-element--instance-1253  cl-element-featured_media--sizing-aspect_ratio\"><a class=\"cl-element-featured_media__anchor\" href=\"https:\/\/www.teknow.de\/material\/messing\/\" title=\"Messing\"><div class=\"cl-element-featured_media__image\" style=\"background-image: url(https:\/\/www.teknow.de\/wp-content\/uploads\/2021\/06\/230908_Messing-Ausschnitt-300x300.jpg)\" role=\"img\"><\/div><\/a><\/div><div class=\"cl-element cl-element-section cl-element--instance-1254 \"><h3 class=\"cl-element cl-element-title cl-element--instance-1251 \"><a class=\"cl-element-title__anchor\" href=\"https:\/\/www.teknow.de\/material\/messing\/\">Messing<\/a><\/h3><div class=\"cl-element cl-element-excerpt cl-element--instance-1252 \">Werkstoff und Materialst\u00e4rke ausw\u00e4hlen: Ms63 (CW508L \/ Cu Zn37 \/ 2.0321) Standardlegierung f\u00fcr Messingbleche. Gut geeignet f\u00fcr Kaltumformung. Gut hart- und weichl\u00f6tbar&#8230;. <\/div><\/div><\/div><\/div><div  class=\"cl-layout__item cl-layout__item--id-27586\" ><div  class=\"cl-template cl-template--post cl-template--id-27543 cl-template--image-top\" ><div class=\"cl-element cl-element-featured_media cl-element--instance-1253  cl-element-featured_media--sizing-aspect_ratio\"><a class=\"cl-element-featured_media__anchor\" href=\"https:\/\/www.teknow.de\/material\/stahl\/\" title=\"Stahl\"><div class=\"cl-element-featured_media__image\" style=\"background-image: url(https:\/\/www.teknow.de\/wp-content\/uploads\/2021\/05\/Stahl_e555e585df-1-300x202.png)\" role=\"img\" aria-label=\"Werkstoff Stahl\"><\/div><\/a><\/div><div class=\"cl-element cl-element-section cl-element--instance-1254 \"><h3 class=\"cl-element cl-element-title cl-element--instance-1251 \"><a class=\"cl-element-title__anchor\" href=\"https:\/\/www.teknow.de\/material\/stahl\/\">Stahl<\/a><\/h3><div class=\"cl-element cl-element-excerpt cl-element--instance-1252 \">Werkstoff und Materialst\u00e4rke ausw\u00e4hlen: Standard \u2013 Feinblech DC01\u00a0(EN10139 \/ 1.0330) DC01 ist ein kaltgewalztes Feinblech im St\u00e4rkenbereich 0,5 \u2013 3,0 mm. Dieses&#8230; <\/div><\/div><\/div><\/div><div  class=\"cl-layout__item cl-layout__item--id-27582\" ><div  class=\"cl-template cl-template--post cl-template--id-27543 cl-template--image-top\" ><div class=\"cl-element cl-element-featured_media cl-element--instance-1253  cl-element-featured_media--sizing-aspect_ratio\"><a class=\"cl-element-featured_media__anchor\" href=\"https:\/\/www.teknow.de\/material\/aluminium\/\" title=\"Aluminium\"><div class=\"cl-element-featured_media__image\" style=\"background-image: url(https:\/\/www.teknow.de\/wp-content\/uploads\/2021\/05\/Aluminium_9246adc9ea-300x208.png)\" role=\"img\" aria-label=\"Werkstoff Aluminium\"><\/div><\/a><\/div><div class=\"cl-element cl-element-section cl-element--instance-1254 \"><h3 class=\"cl-element cl-element-title cl-element--instance-1251 \"><a class=\"cl-element-title__anchor\" href=\"https:\/\/www.teknow.de\/material\/aluminium\/\">Aluminium<\/a><\/h3><div class=\"cl-element cl-element-excerpt cl-element--instance-1252 \">Werkstoff und Materialst\u00e4rke ausw\u00e4hlen: Standard-Qualit\u00e4t: AlMg3 (EN AW-5754 \/ 3.3535) AlMg3 Standardlegierung f\u00fcr mittlere Belastung. Sehr gut kant- und schwei\u00dfbar. Recht korrosionsbest\u00e4ndig&#8230;. <\/div><\/div><\/div><\/div><div  class=\"cl-layout__item cl-layout__item--id-27579\" ><div  class=\"cl-template cl-template--post cl-template--id-27543 cl-template--image-top\" ><div class=\"cl-element cl-element-featured_media cl-element--instance-1253  cl-element-featured_media--sizing-aspect_ratio\"><a class=\"cl-element-featured_media__anchor\" href=\"https:\/\/www.teknow.de\/material\/edelstahl\/\" title=\"Edelstahl\"><div class=\"cl-element-featured_media__image\" style=\"background-image: url(https:\/\/www.teknow.de\/wp-content\/uploads\/2021\/05\/Edelstahl_555c43149f-300x206.png)\" role=\"img\" aria-label=\"Werkstoff Edelstahl\"><\/div><\/a><\/div><div class=\"cl-element cl-element-section cl-element--instance-1254 \"><h3 class=\"cl-element cl-element-title cl-element--instance-1251 \"><a class=\"cl-element-title__anchor\" href=\"https:\/\/www.teknow.de\/material\/edelstahl\/\">Edelstahl<\/a><\/h3><div class=\"cl-element cl-element-excerpt cl-element--instance-1252 \">Werkstoff und Materialst\u00e4rke ausw\u00e4hlen: Standard \u2013 Edelstahl V2A (X5CrNi18-10 \/ 1.4301) vielf\u00e4ltige Verwendungsm\u00f6glichkeiten: Architektur, Design, Schmuck und Kunst, Haushaltsgegenst\u00e4nde, auch im Kontakt&#8230; <\/div><\/div><\/div><\/div><\/div><\/div>\n\n\n<div style=\"height:224px\" aria-hidden=\"true\" class=\"wp-block-spacer\"><\/div>\n","protected":false},"excerpt":{"rendered":"<p>Materials The material groups (such as steel, aluminum) usually include several materials. You choose the right material in the material overview. To make the selection easier, we have defined a standard material for each material group. It fits if you have no special requirements. If you do, because you might want to process the workpiece&#8230; <\/p>\n","protected":false},"author":7,"featured_media":0,"parent":0,"menu_order":0,"comment_status":"closed","ping_status":"closed","template":"","meta":{"_coblocks_attr":"","_coblocks_dimensions":"{\"coblocks-hero-3751754153\":{\"padding\":{}}}","_coblocks_responsive_height":"","_coblocks_accordion_ie_support":"","_wp_applaud_exclude":false,"neve_meta_sidebar":"full-width","neve_meta_container":"","neve_meta_enable_content_width":"on","neve_meta_content_width":100,"neve_meta_title_alignment":"","neve_meta_author_avatar":"","neve_post_elements_order":"","neve_meta_disable_header":"off","neve_meta_disable_footer":"","neve_meta_disable_title":"on","neve_meta_reading_time":"","_themeisle_gutenberg_block_has_review":false,"footnotes":""},"class_list":["post-29872","page","type-page","status-publish","hentry"],"meta_box":[],"_links":{"self":[{"href":"https:\/\/www.teknow.de\/en\/wp-json\/wp\/v2\/pages\/29872","targetHints":{"allow":["GET"]}}],"collection":[{"href":"https:\/\/www.teknow.de\/en\/wp-json\/wp\/v2\/pages"}],"about":[{"href":"https:\/\/www.teknow.de\/en\/wp-json\/wp\/v2\/types\/page"}],"author":[{"embeddable":true,"href":"https:\/\/www.teknow.de\/en\/wp-json\/wp\/v2\/users\/7"}],"replies":[{"embeddable":true,"href":"https:\/\/www.teknow.de\/en\/wp-json\/wp\/v2\/comments?post=29872"}],"version-history":[{"count":6,"href":"https:\/\/www.teknow.de\/en\/wp-json\/wp\/v2\/pages\/29872\/revisions"}],"predecessor-version":[{"id":31434,"href":"https:\/\/www.teknow.de\/en\/wp-json\/wp\/v2\/pages\/29872\/revisions\/31434"}],"wp:attachment":[{"href":"https:\/\/www.teknow.de\/en\/wp-json\/wp\/v2\/media?parent=29872"}],"curies":[{"name":"wp","href":"https:\/\/api.w.org\/{rel}","templated":true}]}}