{"id":66342,"date":"2023-09-13T11:30:25","date_gmt":"2023-09-13T09:30:25","guid":{"rendered":"https:\/\/www.teknow.de\/order-your-laser-cuts-online\/"},"modified":"2023-09-13T11:30:26","modified_gmt":"2023-09-13T09:30:26","slug":"order-your-laser-cuts-online","status":"publish","type":"page","link":"https:\/\/www.teknow.de\/en\/order-your-laser-cuts-online\/","title":{"rendered":"Order your laser cuts online!"},"content":{"rendered":"\n<div class=\"wp-block-group alignfull\"><div class=\"wp-block-group__inner-container is-layout-flow wp-block-group-is-layout-flow\">\n<div id=\"wp-block-themeisle-blocks-advanced-columns-ffe71776\" class=\"wp-block-themeisle-blocks-advanced-columns alignfull has-1-columns has-desktop-equal-layout has-tablet-equal-layout has-mobile-equal-layout has-vertical-unset has-default-gap full-height\"><div class=\"wp-block-themeisle-blocks-advanced-columns-overlay\"><\/div><div class=\"innerblocks-wrap\">\n<div id=\"wp-block-themeisle-blocks-advanced-column-5530e4b5\" class=\"wp-block-themeisle-blocks-advanced-column\">\n<div style=\"height:241px\" aria-hidden=\"true\" class=\"wp-block-spacer\"><\/div>\n\n\n\n<div class=\"wp-block-columns is-layout-flex wp-container-core-columns-is-layout-1 wp-block-columns-is-layout-flex\">\n<div class=\"wp-block-column is-layout-flow wp-block-column-is-layout-flow\" style=\"flex-basis:60%\">\n<h2 class=\"wp-block-heading has-text-align-left\" id=\"bestelle-deine-laserzuschnitte-online-laserzuschnitte-nach-mass-vollig-freie-gestaltung-von-aussenkontur-und-ausschnitten\"><sup>Order your laser cuts online!<\/sup><br\/>Laser cuts made to measure &#8211; completely free design of outer contours and cutouts<\/h2>\n\n\n\n<p>Precise laser cuts according to your own specifications and completely individually? At teknow you can configure yourself and order your laser cuts online.<\/p>\n\n\n\n<p><\/p>\n<\/div>\n\n\n\n<div class=\"wp-block-column is-layout-flow wp-block-column-is-layout-flow\" style=\"flex-basis:10%\"><\/div>\n\n\n\n<div class=\"wp-block-column is-layout-flow wp-block-column-is-layout-flow\">\n<div style=\"height:100px\" aria-hidden=\"true\" class=\"wp-block-spacer\"><\/div>\n\n\n\n<div class=\"wp-block-buttons is-layout-flex wp-block-buttons-is-layout-flex\">\n<div class=\"wp-block-button has-custom-width wp-block-button__width-100 is-style-secondary\"><a class=\"wp-block-button__link wp-element-button\" href=\"https:\/\/cad.teknow.de\/workpiececreate?cst=wp&amp;cik=DXF\">Upload DWG\/DXF<\/a><\/div>\n\n\n\n<div class=\"wp-block-button has-custom-width wp-block-button__width-100 is-style-secondary\"><a class=\"wp-block-button__link wp-element-button\" href=\"https:\/\/cad.teknow.de\/workpiececreate\/?cst=wp&amp;cik=WP\">Draw workpiece<\/a><\/div>\n<\/div>\n<\/div>\n<\/div>\n\n\n\n<p><\/p>\n<\/div>\n<\/div><div class=\"wp-block-themeisle-blocks-advanced-columns-separators bottom\"><svg id=\"rightCurve\" fill=\"var(--nv-site-bg)\" viewBox=\"0 0 100 100\" width=\"100%\" height=\"100\" preserveAspectRatio=\"none\" xmlns=\"http:\/\/www.w3.org\/2000\/svg\" class=\"\"><path d=\"M0 100 C 50 0 70 0 100 100 Z\"><\/path><\/svg><\/div><\/div>\n<\/div><\/div>\n\n<p><\/p>\n\n<h2 class=\"wp-block-heading\" id=\"was-kann-ein-laser-alles-schneiden\">What can a laser cut?<\/h2>\n\n<p>With laser cutting, particularly precise workpieces can be cut into shape from a wide variety of materials. At teknow we use steel, aluminum and stainless steel, all of which are perfectly suited for laser processing. The workpieces are cut from the board by a focused laser beam. As a manufacturing process, it is therefore ideally suited to producing individual cuts.<\/p>\n<div class=\"cl-layout-container align\" style=\"--cl-layout-padding:0px;--cl-layout-margin:15px;\"><div  class=\"cl-layout cl-layout--grid  cl-layout--equal-rows  cl-layout--col-l-3 cl-layout--col-m-3 cl-layout--col-s-2 cl-layout--col-xs-1\"  style=\"--cl-layout-gap-c: 30px;--cl-layout-gap-r: 30px;\n\t\t\" ><div  class=\"cl-layout__item cl-layout__item--id-27932\" ><div  class=\"cl-template cl-template--post cl-template--id-27543 cl-template--image-top\" ><div class=\"cl-element cl-element-featured_media cl-element--instance-1253  cl-element-featured_media--sizing-aspect_ratio\"><a class=\"cl-element-featured_media__anchor\" href=\"https:\/\/www.teknow.de\/material\/messing\/\" title=\"Messing\"><div class=\"cl-element-featured_media__image\" style=\"background-image: url(https:\/\/www.teknow.de\/wp-content\/uploads\/2021\/06\/230908_Messing-Ausschnitt-300x300.jpg)\" role=\"img\"><\/div><\/a><\/div><div class=\"cl-element cl-element-section cl-element--instance-1254 \"><h3 class=\"cl-element cl-element-title cl-element--instance-1251 \"><a class=\"cl-element-title__anchor\" href=\"https:\/\/www.teknow.de\/material\/messing\/\">Messing<\/a><\/h3><div class=\"cl-element cl-element-excerpt cl-element--instance-1252 \">Werkstoff und Materialst\u00e4rke ausw\u00e4hlen: Ms63 (CW508L \/ Cu Zn37 \/ 2.0321) Standardlegierung f\u00fcr Messingbleche. Gut geeignet f\u00fcr Kaltumformung. Gut hart- und weichl\u00f6tbar&#8230;. <\/div><\/div><\/div><\/div><div  class=\"cl-layout__item cl-layout__item--id-27586\" ><div  class=\"cl-template cl-template--post cl-template--id-27543 cl-template--image-top\" ><div class=\"cl-element cl-element-featured_media cl-element--instance-1253  cl-element-featured_media--sizing-aspect_ratio\"><a class=\"cl-element-featured_media__anchor\" href=\"https:\/\/www.teknow.de\/material\/stahl\/\" title=\"Stahl\"><div class=\"cl-element-featured_media__image\" style=\"background-image: url(https:\/\/www.teknow.de\/wp-content\/uploads\/2021\/05\/Stahl_e555e585df-1-300x202.png)\" role=\"img\" aria-label=\"Werkstoff Stahl\"><\/div><\/a><\/div><div class=\"cl-element cl-element-section cl-element--instance-1254 \"><h3 class=\"cl-element cl-element-title cl-element--instance-1251 \"><a class=\"cl-element-title__anchor\" href=\"https:\/\/www.teknow.de\/material\/stahl\/\">Stahl<\/a><\/h3><div class=\"cl-element cl-element-excerpt cl-element--instance-1252 \">Werkstoff und Materialst\u00e4rke ausw\u00e4hlen: Standard \u2013 Feinblech DC01\u00a0(EN10139 \/ 1.0330) DC01 ist ein kaltgewalztes Feinblech im St\u00e4rkenbereich 0,5 \u2013 3,0 mm. Dieses&#8230; <\/div><\/div><\/div><\/div><div  class=\"cl-layout__item cl-layout__item--id-27582\" ><div  class=\"cl-template cl-template--post cl-template--id-27543 cl-template--image-top\" ><div class=\"cl-element cl-element-featured_media cl-element--instance-1253  cl-element-featured_media--sizing-aspect_ratio\"><a class=\"cl-element-featured_media__anchor\" href=\"https:\/\/www.teknow.de\/material\/aluminium\/\" title=\"Aluminium\"><div class=\"cl-element-featured_media__image\" style=\"background-image: url(https:\/\/www.teknow.de\/wp-content\/uploads\/2021\/05\/Aluminium_9246adc9ea-300x208.png)\" role=\"img\" aria-label=\"Werkstoff Aluminium\"><\/div><\/a><\/div><div class=\"cl-element cl-element-section cl-element--instance-1254 \"><h3 class=\"cl-element cl-element-title cl-element--instance-1251 \"><a class=\"cl-element-title__anchor\" href=\"https:\/\/www.teknow.de\/material\/aluminium\/\">Aluminium<\/a><\/h3><div class=\"cl-element cl-element-excerpt cl-element--instance-1252 \">Werkstoff und Materialst\u00e4rke ausw\u00e4hlen: Standard-Qualit\u00e4t: AlMg3 (EN AW-5754 \/ 3.3535) AlMg3 Standardlegierung f\u00fcr mittlere Belastung. Sehr gut kant- und schwei\u00dfbar. Recht korrosionsbest\u00e4ndig&#8230;. <\/div><\/div><\/div><\/div><div  class=\"cl-layout__item cl-layout__item--id-27579\" ><div  class=\"cl-template cl-template--post cl-template--id-27543 cl-template--image-top\" ><div class=\"cl-element cl-element-featured_media cl-element--instance-1253  cl-element-featured_media--sizing-aspect_ratio\"><a class=\"cl-element-featured_media__anchor\" href=\"https:\/\/www.teknow.de\/material\/edelstahl\/\" title=\"Edelstahl\"><div class=\"cl-element-featured_media__image\" style=\"background-image: url(https:\/\/www.teknow.de\/wp-content\/uploads\/2021\/05\/Edelstahl_555c43149f-300x206.png)\" role=\"img\" aria-label=\"Werkstoff Edelstahl\"><\/div><\/a><\/div><div class=\"cl-element cl-element-section cl-element--instance-1254 \"><h3 class=\"cl-element cl-element-title cl-element--instance-1251 \"><a class=\"cl-element-title__anchor\" href=\"https:\/\/www.teknow.de\/material\/edelstahl\/\">Edelstahl<\/a><\/h3><div class=\"cl-element cl-element-excerpt cl-element--instance-1252 \">Werkstoff und Materialst\u00e4rke ausw\u00e4hlen: Standard \u2013 Edelstahl V2A (X5CrNi18-10 \/ 1.4301) vielf\u00e4ltige Verwendungsm\u00f6glichkeiten: Architektur, Design, Schmuck und Kunst, Haushaltsgegenst\u00e4nde, auch im Kontakt&#8230; <\/div><\/div><\/div><\/div><\/div><\/div>\n<div style=\"height:100px\" aria-hidden=\"true\" class=\"wp-block-spacer\"><\/div>\n\n<h2 class=\"wp-block-heading\" id=\"welche-vorteile-hat-das-laserschneiden\">What are the advantages of laser cutting?<\/h2>\n\n<p>The concentrated laser beam used to make your cuts guarantees a high level of accuracy &#8211; fine structures and geometric patterns are easy to produce. By using a laser, there are no additional tool costs &#8211; and your customized laser cut is ready for shipping after a very short production time.<\/p>\n\n<div style=\"height:100px\" aria-hidden=\"true\" class=\"wp-block-spacer\"><\/div>\n\n<div aria-label=\"Carousel Gallery\" class=\"wp-block-coblocks-gallery-carousel\"><div class=\"coblocks-gallery-carousel-swiper-container is-cropped coblocks-gallery has-no-alignment has-caption-style-dark has-horizontal-gutter has-no-thumbnails\"><div class=\"has-carousel has-carousel-lrg swiper-container\" data-swiper=\"{&quot;alignCells&quot;:false,&quot;autoPlay&quot;:false,&quot;autoPlaySpeed&quot;:3000,&quot;draggable&quot;:true,&quot;freeMode&quot;:false,&quot;loop&quot;:false,&quot;navigation&quot;:true,&quot;pageDots&quot;:false,&quot;pauseHover&quot;:false,&quot;responsiveHeight&quot;:false,&quot;slidesPerView&quot;:2,&quot;thumbnails&quot;:false,&quot;uuid&quot;:&quot;12345&quot;}\" style=\"height:400px\"><div class=\"swiper-wrapper\"><div class=\"swiper-slide\"><div class=\"coblocks-gallery--item\" role=\"button\" tabindex=\"0\"><figure class=\"coblocks-gallery--figure has-margin-left-5 has-margin-left-mobile-5 has-margin-right-5 has-margin-right-mobile-5\"><img loading=\"lazy\" decoding=\"async\" width=\"1024\" height=\"683\" alt=\"\" class=\"wp-image-57284\" data-id=\"57284\" src=\"https:\/\/www.teknow.de\/wp-content\/uploads\/2022\/06\/1-Aschkasten-S10-1024x683.jpg\" srcset=\"https:\/\/www.teknow.de\/wp-content\/uploads\/2022\/06\/1-Aschkasten-S10-1024x683.jpg 1024w, https:\/\/www.teknow.de\/wp-content\/uploads\/2022\/06\/1-Aschkasten-S10-300x200.jpg 300w, https:\/\/www.teknow.de\/wp-content\/uploads\/2022\/06\/1-Aschkasten-S10-768x512.jpg 768w, https:\/\/www.teknow.de\/wp-content\/uploads\/2022\/06\/1-Aschkasten-S10-930x620.jpg 930w, https:\/\/www.teknow.de\/wp-content\/uploads\/2022\/06\/1-Aschkasten-S10.jpg 1368w\" sizes=\"auto, (max-width: 1024px) 100vw, 1024px\" \/><\/figure><figcaption class=\"coblocks-gallery--caption coblocks-gallery--primary-caption\"><\/figcaption><\/div><\/div><div class=\"swiper-slide\"><div class=\"coblocks-gallery--item\" role=\"button\" tabindex=\"1\"><figure class=\"coblocks-gallery--figure has-margin-left-5 has-margin-left-mobile-5 has-margin-right-5 has-margin-right-mobile-5\"><img loading=\"lazy\" decoding=\"async\" width=\"1024\" height=\"683\" alt=\"\" class=\"wp-image-57283\" data-id=\"57283\" src=\"https:\/\/www.teknow.de\/wp-content\/uploads\/2022\/06\/1-Beginn-Aufbau-1024x683.jpg\" srcset=\"https:\/\/www.teknow.de\/wp-content\/uploads\/2022\/06\/1-Beginn-Aufbau-1024x683.jpg 1024w, https:\/\/www.teknow.de\/wp-content\/uploads\/2022\/06\/1-Beginn-Aufbau-300x200.jpg 300w, https:\/\/www.teknow.de\/wp-content\/uploads\/2022\/06\/1-Beginn-Aufbau-768x512.jpg 768w, https:\/\/www.teknow.de\/wp-content\/uploads\/2022\/06\/1-Beginn-Aufbau-930x620.jpg 930w, https:\/\/www.teknow.de\/wp-content\/uploads\/2022\/06\/1-Beginn-Aufbau.jpg 1368w\" sizes=\"auto, (max-width: 1024px) 100vw, 1024px\" \/><\/figure><figcaption class=\"coblocks-gallery--caption coblocks-gallery--primary-caption\"><\/figcaption><\/div><\/div><div class=\"swiper-slide\"><div class=\"coblocks-gallery--item\" role=\"button\" tabindex=\"2\"><figure class=\"coblocks-gallery--figure has-margin-left-5 has-margin-left-mobile-5 has-margin-right-5 has-margin-right-mobile-5\"><img loading=\"lazy\" decoding=\"async\" width=\"1024\" height=\"683\" alt=\"\" class=\"wp-image-57289\" data-id=\"57289\" src=\"https:\/\/www.teknow.de\/wp-content\/uploads\/2022\/06\/1-FK-Einzelteile-1024x683.jpg\" srcset=\"https:\/\/www.teknow.de\/wp-content\/uploads\/2022\/06\/1-FK-Einzelteile-1024x683.jpg 1024w, https:\/\/www.teknow.de\/wp-content\/uploads\/2022\/06\/1-FK-Einzelteile-300x200.jpg 300w, https:\/\/www.teknow.de\/wp-content\/uploads\/2022\/06\/1-FK-Einzelteile-768x512.jpg 768w, https:\/\/www.teknow.de\/wp-content\/uploads\/2022\/06\/1-FK-Einzelteile-930x620.jpg 930w, https:\/\/www.teknow.de\/wp-content\/uploads\/2022\/06\/1-FK-Einzelteile.jpg 1368w\" sizes=\"auto, (max-width: 1024px) 100vw, 1024px\" \/><\/figure><figcaption class=\"coblocks-gallery--caption coblocks-gallery--primary-caption\"><\/figcaption><\/div><\/div><div class=\"swiper-slide\"><div class=\"coblocks-gallery--item\" role=\"button\" tabindex=\"3\"><figure class=\"coblocks-gallery--figure has-margin-left-5 has-margin-left-mobile-5 has-margin-right-5 has-margin-right-mobile-5\"><img loading=\"lazy\" decoding=\"async\" width=\"1024\" height=\"683\" alt=\"\" class=\"wp-image-57287\" data-id=\"57287\" src=\"https:\/\/www.teknow.de\/wp-content\/uploads\/2022\/06\/1-Grillrost-1024x683.jpg\" srcset=\"https:\/\/www.teknow.de\/wp-content\/uploads\/2022\/06\/1-Grillrost-1024x683.jpg 1024w, https:\/\/www.teknow.de\/wp-content\/uploads\/2022\/06\/1-Grillrost-300x200.jpg 300w, https:\/\/www.teknow.de\/wp-content\/uploads\/2022\/06\/1-Grillrost-768x512.jpg 768w, https:\/\/www.teknow.de\/wp-content\/uploads\/2022\/06\/1-Grillrost-930x620.jpg 930w, https:\/\/www.teknow.de\/wp-content\/uploads\/2022\/06\/1-Grillrost.jpg 1368w\" sizes=\"auto, (max-width: 1024px) 100vw, 1024px\" \/><\/figure><figcaption class=\"coblocks-gallery--caption coblocks-gallery--primary-caption\"><\/figcaption><\/div><\/div><\/div><button class=\"nav-button__prev\" id=\"12345-prev\"><svg class=\"icon\" style=\"transform:rotate(180deg)\"><\/svg><\/button><button class=\"nav-button__next\" id=\"12345-next\"><svg class=\"icon\"><\/svg><\/button><\/div><\/div><\/div>\r\n\n<div style=\"height:100px\" aria-hidden=\"true\" class=\"wp-block-spacer\"><\/div>\n\n<h2 class=\"wp-block-heading\" id=\"laserschneiden-bei-teknow-worauf-muss-ich-achten\">Laser cutting at teknow \u2013 What do I have to pay attention to?<\/h2>\n\n<p>So that you can hold your individual project in your hands at the end, teknow has a very special approach. When you start designing your workpiece, you first choose your manufacturing method, i.e. laser cutting, and then your material group. We automatically fill in a standard material that you can easily use if you don&#8217;t have any specific requirements. After you have chosen your desired material thickness, you can move on to drawing.<\/p>\n\n<div class=\"wp-block-buttons is-layout-flex wp-block-buttons-is-layout-flex\">\n<div class=\"wp-block-button\"><a class=\"wp-block-button__link wp-element-button\" href=\"https:\/\/cad.teknow.de\/anonwp?divisionName=Method.LaserCO2\">Open EDITOR<\/a><\/div>\n\n\n\n<div class=\"wp-block-button is-style-secondary\"><a class=\"wp-block-button__link wp-element-button\" href=\"https:\/\/www.teknow.de\/en\/cad-playground\/\">To the CAD playground<\/a><\/div>\n<\/div>\n\n<div style=\"height:42px\" aria-hidden=\"true\" class=\"wp-block-spacer\"><\/div>\n\n<p>In our CAD drawing editor you can start with some basic shapes or your own drawing. Once your drawing is finished, you can have it checked and repaired if necessary. If it can be produced as planned, it will turn green in the CAD editor &#8211; your go!<\/p>\n\n<p>Of course, you can also upload your own DWG\/DXF files &#8211; our CAD wizard also works with them.<\/p>\n\n<div style=\"height:100px\" aria-hidden=\"true\" class=\"wp-block-spacer\"><\/div>\n\n<div class=\"nv-cv-m wp-block-group alignfull\" id=\"howto\"><div class=\"wp-block-group__inner-container is-layout-flow wp-block-group-is-layout-flow\">\n<div class=\"wp-block-columns alignwide is-layout-flex wp-container-core-columns-is-layout-2 wp-block-columns-is-layout-flex\">\n<div class=\"wp-block-column is-layout-flow wp-block-column-is-layout-flow\">\n<h2 class=\"wp-block-heading animated fadeInLeft\" id=\"how-to-in-diesem-video-wird-dir-schritt-fur-schritt-der-produktionsprozess-detailliert-erklart\"><sup>How to:<br\/><\/sup><strong>This video explains the production process in detail step by step.<\/strong><\/h2>\n\n\n\n<div id=\"wp-block-themeisle-blocks-button-group-897af56c\" class=\"wp-block-themeisle-blocks-button-group wp-block-buttons\">\n<div id=\"wp-block-themeisle-blocks-button-fe85e71a\" class=\"wp-block-themeisle-blocks-button wp-block-button is-style-fill\"><a href=\"https:\/\/www.teknow.de\/en\/help\/\" target=\"_self\" rel=\"noopener noreferrer\" class=\"wp-block-button__link\"><span>to the tutorials<\/span><\/a><\/div>\r\n\n\n\n<div id=\"wp-block-themeisle-blocks-button-ebb1cb5f\" class=\"wp-block-themeisle-blocks-button wp-block-button is-style-outline\"><a href=\"https:\/\/www.teknow.de\/en\/videos\/\" target=\"_self\" rel=\"noopener noreferrer\" class=\"wp-block-button__link\"><span>More videos<\/span><\/a><\/div>\r\n<\/div>\n<\/div>\n\n\n\n<div class=\"wp-block-column is-layout-flow wp-block-column-is-layout-flow\">\n<div style=\"position: relative; height: 0; padding-bottom: 56.25%;\"><iframe style=\"position: absolute; top: 0; left: 0; width: 100%; height: 100%; border: 0;\" allow=\"fullscreen; picture-in-picture\" allowfullscreen=\"\" src=\"https:\/\/alugha.com\/embed\/web-player?color=%23ffd800&#038;alugha=0&#038;autoplay=0&#038;v=cc01bb30-db0f-11eb-ba6e-f5736b8f4d07\"><\/iframe><\/div>\r\n<\/div>\n<\/div>\n<\/div><\/div>\n\n<div style=\"height:100px\" aria-hidden=\"true\" class=\"wp-block-spacer\"><\/div>\n\n<p>The price of your designed workpiece depends on the current material costs and the complexity of your workpiece. As soon as your workpiece is ready for production, you will be shown the price for your order. After you have submitted the order, you can expect your new, tailor-made laser cut in the next 10 days.<\/p>\n\n<div style=\"height:100px\" aria-hidden=\"true\" class=\"wp-block-spacer\"><\/div>\n\n\n<div class=\"nv-cv-d nv-cv-m wp-block-buttons is-horizontal is-content-justification-center is-layout-flex wp-container-core-buttons-is-layout-3 wp-block-buttons-is-layout-flex\">\n<div class=\"wp-block-button is-style-primary\"><a class=\"wp-block-button__link wp-element-button\" href=\"https:\/\/keycloak.teknow.de\/auth\/realms\/TeknowCustomers\/protocol\/openid-connect\/registrations?client_id=Customers&amp;response_type=code&amp;scope=openid%20email&amp;redirect_uri=https:\/\/www.teknow.de&amp;kc_locale=de\">Register now and try it out!<\/a><\/div>\n<\/div>\n\n<div style=\"height:100px\" aria-hidden=\"true\" class=\"wp-block-spacer\"><\/div>\n","protected":false},"excerpt":{"rendered":"<p>What can a laser cut? With laser cutting, particularly precise workpieces can be cut into shape from a wide variety of materials. At teknow we use steel, aluminum and stainless steel, all of which are perfectly suited for laser processing. The workpieces are cut from the board by a focused laser beam. As a manufacturing&#8230; <\/p>\n","protected":false},"author":2,"featured_media":28023,"parent":0,"menu_order":0,"comment_status":"closed","ping_status":"closed","template":"","meta":{"_coblocks_attr":"","_coblocks_dimensions":"","_coblocks_responsive_height":"","_coblocks_accordion_ie_support":"","_wp_applaud_exclude":false,"neve_meta_sidebar":"full-width","neve_meta_container":"","neve_meta_enable_content_width":"on","neve_meta_content_width":100,"neve_meta_title_alignment":"","neve_meta_author_avatar":"","neve_post_elements_order":"","neve_meta_disable_header":"off","neve_meta_disable_footer":"","neve_meta_disable_title":"on","neve_meta_reading_time":"","_themeisle_gutenberg_block_has_review":false,"footnotes":""},"class_list":["post-66342","page","type-page","status-publish","has-post-thumbnail","hentry"],"meta_box":[],"_links":{"self":[{"href":"https:\/\/www.teknow.de\/en\/wp-json\/wp\/v2\/pages\/66342","targetHints":{"allow":["GET"]}}],"collection":[{"href":"https:\/\/www.teknow.de\/en\/wp-json\/wp\/v2\/pages"}],"about":[{"href":"https:\/\/www.teknow.de\/en\/wp-json\/wp\/v2\/types\/page"}],"author":[{"embeddable":true,"href":"https:\/\/www.teknow.de\/en\/wp-json\/wp\/v2\/users\/2"}],"replies":[{"embeddable":true,"href":"https:\/\/www.teknow.de\/en\/wp-json\/wp\/v2\/comments?post=66342"}],"version-history":[{"count":1,"href":"https:\/\/www.teknow.de\/en\/wp-json\/wp\/v2\/pages\/66342\/revisions"}],"predecessor-version":[{"id":66343,"href":"https:\/\/www.teknow.de\/en\/wp-json\/wp\/v2\/pages\/66342\/revisions\/66343"}],"wp:featuredmedia":[{"embeddable":true,"href":"https:\/\/www.teknow.de\/en\/wp-json\/wp\/v2\/media\/28023"}],"wp:attachment":[{"href":"https:\/\/www.teknow.de\/en\/wp-json\/wp\/v2\/media?parent=66342"}],"curies":[{"name":"wp","href":"https:\/\/api.w.org\/{rel}","templated":true}]}}